{"id":1408,"date":"2024-05-16T09:21:43","date_gmt":"2024-05-16T08:21:43","guid":{"rendered":"https:\/\/jalvo.eu\/o\/"},"modified":"2024-10-09T09:18:04","modified_gmt":"2024-10-09T08:18:04","slug":"o-nas","status":"publish","type":"page","link":"https:\/\/jalvo.eu\/pl\/o-nas\/","title":{"rendered":"O nas"},"content":{"rendered":"\n<div class=\"wp-block-uagb-container uagb-block-8e900e2a alignfull uagb-is-root-container\"><div class=\"uagb-container-inner-blocks-wrap\">\n<div class=\"wp-block-uagb-advanced-heading uagb-block-eae04d3f\"><div class=\"uagb-separator\"><\/div><h1 class=\"uagb-heading-text\">O nas<\/h1><\/div>\n<\/div><\/div>\n\n\n\n<div class=\"wp-block-uagb-container uagb-layout-grid uagb-block-17a5449b alignfull uagb-is-root-container\"><div class=\"uagb-container-inner-blocks-wrap\">\n<div class=\"wp-block-uagb-info-box uagb-block-24a46e07 uagb-infobox__content-wrap  uagb-infobox-icon-above-title uagb-infobox-image-valign-top wp-block-uagb-info-box--has-margin\"><div class=\"uagb-infobox-margin-wrapper\"><div class=\"uagb-ifb-content\"><div class=\"uagb-ifb-title-wrap\"><h2 class=\"uagb-ifb-title-prefix\">Odkryj Jalvo: Tw\u00f3j wiod\u0105cy partner w zakresie SEO Proxy<\/h2><p class=\"uagb-ifb-title\">Jalvo to pionierska <strong>marka<\/strong> specjalizuj\u0105ca si\u0119 w najnowocze\u015bniejszych rozwi\u0105zaniach SEO reverse proxy.  <\/p><\/div><p class=\"uagb-ifb-desc\">B\u0119d\u0105c w\u0142asno\u015bci\u0105 <a href=\"http:\/\/www.web-systems.pl\" target=\"_blank\" rel=\"noopener\">Web Systems<\/a> z siedzib\u0105 w Polsce, zapewniamy klientom dost\u0119p do szerokiej gamy adres\u00f3w IP w Europie i USA. Nasze us\u0142ugi s\u0105 przeznaczone dla profesjonalist\u00f3w, kt\u00f3rzy chc\u0105 zoptymalizowa\u0107 swoje strategie SEO poprzez dywersyfikacj\u0119 adres\u00f3w IP. Dzi\u0119ki naszemu intuicyjnemu pulpitowi nawigacyjnemu do zarz\u0105dzania adresami IP, mo\u017cesz skierowa\u0107 swoje strony internetowe do okre\u015blonych dostawc\u00f3w hostingu, zwi\u0119kszaj\u0105c swoj\u0105 obecno\u015b\u0107 w Internecie bez konieczno\u015bci zmiany istniej\u0105cej konfiguracji hostingu.  <br><br>Podczas gdy Jalvo koncentruje si\u0119 na us\u0142ugach SEO reverse proxy, w razie potrzeby oferujemy r\u00f3wnie\u017c rozwi\u0105zania hostingowe. Nasze niezawodne us\u0142ugi, innowacyjna technologia i zaanga\u017cowanie w zwi\u0119kszanie widoczno\u015bci w Internecie sprawiaj\u0105, \u017ce jeste\u015bmy preferowanym wyborem dla profesjonalist\u00f3w d\u0105\u017c\u0105cych do podniesienia swojej obecno\u015bci w Internecie.<br>Z powodzeniem pomogli\u015bmy wielu firmom znacznie ulepszy\u0107 ich strategie SEO i osi\u0105gn\u0105\u0107 znakomite wyniki online. <\/p><\/div><\/div><\/div>\n\n\n\n<div class=\"wp-block-uagb-image alignright uagb-block-ad8c1a64 wp-block-uagb-image--layout-default wp-block-uagb-image--effect-static wp-block-uagb-image--align-right\"><figure class=\"wp-block-uagb-image__figure\"><img decoding=\"async\" srcset=\"https:\/\/jalvo.eu\/wp-content\/uploads\/2024\/10\/pexels-photo-218717.jpeg ,https:\/\/jalvo.eu\/wp-content\/uploads\/2024\/10\/pexels-photo-218717.jpeg 780w, https:\/\/jalvo.eu\/wp-content\/uploads\/2024\/10\/pexels-photo-218717.jpeg 360w\" sizes=\"auto, (max-width: 480px) 150px\" src=\"https:\/\/jalvo.eu\/wp-content\/uploads\/2024\/10\/pexels-photo-218717.jpeg\" alt=\"\" class=\"uag-image-1251\" width=\"420\" height=\"450\" title=\"about-us\" loading=\"lazy\" role=\"img\"\/><\/figure><\/div>\n<\/div><\/div>\n\n\n\n<div class=\"wp-block-uagb-container uagb-layout-grid uagb-block-bb7cd282 alignfull uagb-is-root-container\"><div class=\"uagb-container-inner-blocks-wrap\">\n<div class=\"wp-block-uagb-advanced-heading uagb-block-386230cb\"><h3 class=\"uagb-heading-text\">Nasza podr\u00f3\u017c: Kszta\u0142towanie przysz\u0142o\u015bci rozwi\u0105za\u0144 SEO Reverse Proxy<\/h3><\/div>\n\n\n\n<div class=\"wp-block-uagb-info-box uagb-block-e88485bd uagb-infobox__content-wrap  uagb-infobox-icon-above-title uagb-infobox-image-valign-top\"><div class=\"uagb-ifb-content\"><div class=\"uagb-ifb-title-wrap\"><span class=\"uagb-ifb-title-prefix\">Za\u0142o\u017cona w sercu Europy firma Jalvo powsta\u0142a jako marka zajmuj\u0105ca si\u0119 zmienianiem widoczno\u015bci online dla firm poprzez innowacyjne rozwi\u0105zania SEO reverse proxy. Jako cz\u0119\u015b\u0107 Web Systems w Polsce, szybko wyspecjalizowali\u015bmy si\u0119 w dostarczaniu kompleksowego pulpitu nawigacyjnego do zarz\u0105dzania adresami IP, umo\u017cliwiaj\u0105c klientom kierowanie swoich stron internetowych do okre\u015blonych dostawc\u00f3w us\u0142ug hostingowych i p\u0142ynn\u0105 dywersyfikacj\u0119 adres\u00f3w IP. Nasze zaanga\u017cowanie w doskona\u0142\u0105 technologi\u0119 i wyj\u0105tkow\u0105 obs\u0142ug\u0119 klienta sprawi\u0142o, \u017ce stali\u015bmy si\u0119 zaufanymi partnerami w bran\u017cy SEO.  <br><\/span><p class=\"uagb-ifb-title\">Koncentruj\u0105c si\u0119 na innowacyjno\u015bci i zadowoleniu klient\u00f3w, wspierali\u015bmy firmy w optymalizacji ich strategii online i zwi\u0119kszaniu zasi\u0119gu na r\u00f3\u017cnych rynkach.<\/p><\/div><\/div><\/div>\n<\/div><\/div>\n\n\n\n<div class=\"wp-block-uagb-container uagb-block-758b4c14 alignfull uagb-is-root-container\"><div class=\"uagb-container-inner-blocks-wrap\">\n<div class=\"wp-block-uagb-image uagb-block-11b8887d wp-block-uagb-image--layout-default wp-block-uagb-image--effect-static wp-block-uagb-image--align-none\"><figure class=\"wp-block-uagb-image__figure\"><img decoding=\"async\" srcset=\"https:\/\/jalvo.eu\/wp-content\/uploads\/2024\/10\/pexels-photo-8145247.jpeg ,https:\/\/jalvo.eu\/wp-content\/uploads\/2024\/10\/pexels-photo-8145247.jpeg 780w, https:\/\/jalvo.eu\/wp-content\/uploads\/2024\/10\/pexels-photo-8145247.jpeg 360w\" sizes=\"auto, (max-width: 480px) 150px\" src=\"https:\/\/jalvo.eu\/wp-content\/uploads\/2024\/10\/pexels-photo-8145247.jpeg\" alt=\"\" class=\"uag-image-1252\" width=\"1200\" height=\"450\" title=\"our-mission\" loading=\"lazy\" role=\"img\"\/><\/figure><\/div>\n\n\n\n<div class=\"wp-block-uagb-container uagb-layout-grid uagb-block-309528b7\">\n<div class=\"wp-block-uagb-advanced-heading uagb-block-33387619\"><h2 class=\"uagb-heading-text\">Nasza misja<\/h2><\/div>\n\n\n\n<div class=\"wp-block-uagb-info-box uagb-block-927da30b uagb-infobox__content-wrap  uagb-infobox-icon-above-title uagb-infobox-image-valign-top wp-block-uagb-info-box--has-margin\"><div class=\"uagb-infobox-margin-wrapper\"><div class=\"uagb-ifb-content\"><div class=\"uagb-ifb-title-wrap\"><h3 class=\"uagb-ifb-title-prefix\">Zaanga\u017cowani w Tw\u00f3j sukces<\/h3><p class=\"uagb-ifb-title\">W Jalvo nasz\u0105 misj\u0105 jest dostarczanie niezr\u00f3wnanych rozwi\u0105za\u0144 SEO reverse proxy, kt\u00f3re umo\u017cliwiaj\u0105 profesjonalistom optymalizacj\u0119 ich strategii cyfrowych. D\u0105\u017cymy do doskona\u0142o\u015bci, wykorzystuj\u0105c zaawansowan\u0105 technologi\u0119 i zapewniaj\u0105c wyj\u0105tkow\u0105 obs\u0142ug\u0119, zapewniaj\u0105c naszym klientom znaczny wzrost online i lepsz\u0105 widoczno\u015b\u0107. <\/p><\/div><p class=\"uagb-ifb-desc\">Naszym celem jest zwi\u0119kszenie obecno\u015bci naszych klient\u00f3w w Internecie poprzez innowacyjne rozwi\u0105zania SEO, pomagaj\u0105c im wyr\u00f3\u017cni\u0107 si\u0119 w konkurencyjnym krajobrazie cyfrowym.<\/p><\/div><\/div><\/div>\n<\/div>\n<\/div><\/div>\n\n\n\n<div class=\"wp-block-uagb-container uagb-block-a6bfea04 alignfull uagb-is-root-container\"><div class=\"uagb-container-inner-blocks-wrap\">\n<div class=\"wp-block-uagb-info-box uagb-block-baf92aae uagb-infobox__content-wrap  uagb-infobox-icon-above-title uagb-infobox-image-valign-top\"><div class=\"uagb-ifb-content\"><div class=\"uagb-ifb-title-wrap\"><div class=\"uagb-ifb-separator\"><\/div><h2 class=\"uagb-ifb-title\">Zwi\u0119ksz swoj\u0105 obecno\u015b\u0107 online ju\u017c dzi\u015b!<\/h2><\/div><p class=\"uagb-ifb-desc\">Skontaktuj si\u0119 z nami ju\u017c teraz, aby dowiedzie\u0107 si\u0119, w jaki spos\u00f3b nasze rozwi\u0105zania SEO reverse proxy mog\u0105 podnie\u015b\u0107 pozycj\u0119 Twojej firmy i poprawi\u0107 rankingi.<\/p><div class=\"uagb-ifb-button-wrapper wp-block-button\"><a href=\"https:\/\/jalvo.eu\/pl\/kontakt\/\" class=\"uagb-infobox-cta-link wp-block-button__link\" target=\"_self\" rel=\"noopener noreferrer\" onclick=\"return true;\"><span class=\"uagb-inline-editing\">Rozpocznij<\/span><\/a><\/div><\/div><\/div>\n<\/div><\/div>\n","protected":false},"excerpt":{"rendered":"<p>O nas Nasza podr\u00f3\u017c: Kszta\u0142towanie przysz\u0142o\u015bci rozwi\u0105za\u0144 SEO Reverse Proxy Nasza misja<\/p>\n","protected":false},"author":1,"featured_media":0,"parent":0,"menu_order":0,"comment_status":"closed","ping_status":"closed","template":"","meta":{"_acf_changed":false,"_uag_custom_page_level_css":"","site-sidebar-layout":"default","site-content-layout":"","ast-site-content-layout":"default","site-content-style":"default","site-sidebar-style":"default","ast-global-header-display":"","ast-banner-title-visibility":"disabled","ast-main-header-display":"","ast-hfb-above-header-display":"","ast-hfb-below-header-display":"","ast-hfb-mobile-header-display":"","site-post-title":"","ast-breadcrumbs-content":"","ast-featured-img":"","footer-sml-layout":"","ast-disable-related-posts":"","theme-transparent-header-meta":"enabled","adv-header-id-meta":"","stick-header-meta":"","header-above-stick-meta":"","header-main-stick-meta":"","header-below-stick-meta":"","astra-migrate-meta-layouts":"default","ast-page-background-enabled":"default","ast-page-background-meta":{"desktop":{"background-color":"var(--ast-global-color-4)","background-image":"","background-repeat":"repeat","background-position":"center center","background-size":"auto","background-attachment":"scroll","background-type":"","background-media":"","overlay-type":"","overlay-color":"","overlay-opacity":"","overlay-gradient":""},"tablet":{"background-color":"","background-image":"","background-repeat":"repeat","background-position":"center center","background-size":"auto","background-attachment":"scroll","background-type":"","background-media":"","overlay-type":"","overlay-color":"","overlay-opacity":"","overlay-gradient":""},"mobile":{"background-color":"","background-image":"","background-repeat":"repeat","background-position":"center center","background-size":"auto","background-attachment":"scroll","background-type":"","background-media":"","overlay-type":"","overlay-color":"","overlay-opacity":"","overlay-gradient":""}},"ast-content-background-meta":{"desktop":{"background-color":"var(--ast-global-color-5)","background-image":"","background-repeat":"repeat","background-position":"center center","background-size":"auto","background-attachment":"scroll","background-type":"","background-media":"","overlay-type":"","overlay-color":"","overlay-opacity":"","overlay-gradient":""},"tablet":{"background-color":"var(--ast-global-color-5)","background-image":"","background-repeat":"repeat","background-position":"center center","background-size":"auto","background-attachment":"scroll","background-type":"","background-media":"","overlay-type":"","overlay-color":"","overlay-opacity":"","overlay-gradient":""},"mobile":{"background-color":"var(--ast-global-color-5)","background-image":"","background-repeat":"repeat","background-position":"center center","background-size":"auto","background-attachment":"scroll","background-type":"","background-media":"","overlay-type":"","overlay-color":"","overlay-opacity":"","overlay-gradient":""}},"footnotes":""},"class_list":["post-1408","page","type-page","status-publish","hentry"],"acf":[],"uagb_featured_image_src":{"full":false,"thumbnail":false,"medium":false,"medium_large":false,"large":false,"1536x1536":false,"2048x2048":false},"uagb_author_info":{"display_name":"websystems","author_link":"https:\/\/jalvo.eu\/pl\/author\/websystems\/"},"uagb_comment_info":0,"uagb_excerpt":"O nas Nasza podr\u00f3\u017c: Kszta\u0142towanie przysz\u0142o\u015bci rozwi\u0105za\u0144 SEO Reverse Proxy Nasza misja","_links":{"self":[{"href":"https:\/\/jalvo.eu\/pl\/wp-json\/wp\/v2\/pages\/1408","targetHints":{"allow":["GET"]}}],"collection":[{"href":"https:\/\/jalvo.eu\/pl\/wp-json\/wp\/v2\/pages"}],"about":[{"href":"https:\/\/jalvo.eu\/pl\/wp-json\/wp\/v2\/types\/page"}],"author":[{"embeddable":true,"href":"https:\/\/jalvo.eu\/pl\/wp-json\/wp\/v2\/users\/1"}],"replies":[{"embeddable":true,"href":"https:\/\/jalvo.eu\/pl\/wp-json\/wp\/v2\/comments?post=1408"}],"version-history":[{"count":3,"href":"https:\/\/jalvo.eu\/pl\/wp-json\/wp\/v2\/pages\/1408\/revisions"}],"predecessor-version":[{"id":1464,"href":"https:\/\/jalvo.eu\/pl\/wp-json\/wp\/v2\/pages\/1408\/revisions\/1464"}],"wp:attachment":[{"href":"https:\/\/jalvo.eu\/pl\/wp-json\/wp\/v2\/media?parent=1408"}],"curies":[{"name":"wp","href":"https:\/\/api.w.org\/{rel}","templated":true}]}}