{"id":1412,"date":"2024-05-16T09:21:43","date_gmt":"2024-05-16T08:21:43","guid":{"rendered":"https:\/\/jalvo.eu\/uslugi\/"},"modified":"2024-10-08T13:19:10","modified_gmt":"2024-10-08T12:19:10","slug":"uslugi","status":"publish","type":"page","link":"https:\/\/jalvo.eu\/pl\/uslugi\/","title":{"rendered":"Us\u0142ugi"},"content":{"rendered":"\n<div class=\"wp-block-uagb-container uagb-block-8e900e2a alignfull uagb-is-root-container\"><div class=\"uagb-container-inner-blocks-wrap\">\n<div class=\"wp-block-uagb-advanced-heading uagb-block-eae04d3f\"><div class=\"uagb-separator\"><\/div><h1 class=\"uagb-heading-text\">Kompleksowe rozwi\u0105zania SEO Reverse Proxy<\/h1><\/div>\n<\/div><\/div>\n\n<div class=\"wp-block-uagb-container uagb-block-7ddca7f3 alignfull uagb-is-root-container\"><div class=\"uagb-container-inner-blocks-wrap\">\n<div class=\"wp-block-uagb-image uagb-block-b7a6ddf0 wp-block-uagb-image--layout-default wp-block-uagb-image--effect-static wp-block-uagb-image--align-none\"><figure class=\"wp-block-uagb-image__figure\"><img decoding=\"async\" srcset=\"https:\/\/jalvo.eu\/wp-content\/uploads\/2024\/10\/pexels-photo-7350906.jpeg ,https:\/\/jalvo.eu\/wp-content\/uploads\/2024\/10\/pexels-photo-7350906.jpeg 780w, https:\/\/jalvo.eu\/wp-content\/uploads\/2024\/10\/pexels-photo-7350906.jpeg 360w\" sizes=\"auto, (max-width: 480px) 150px\" src=\"https:\/\/jalvo.eu\/wp-content\/uploads\/2024\/10\/pexels-photo-7350906.jpeg\" alt=\"\" class=\"uag-image-1254\" width=\"1200\" height=\"400\" title=\"us\u0142ugi-01\" loading=\"lazy\" role=\"img\"><\/figure><\/div>\n\n\n\n<div class=\"wp-block-uagb-container uagb-block-1a98c2ef\">\n<div class=\"wp-block-uagb-advanced-heading uagb-block-4421838e\"><h2 class=\"uagb-heading-text\">Wiele adres\u00f3w IP<\/h2><\/div>\n\n\n\n<div class=\"wp-block-uagb-advanced-heading uagb-block-3a7f501c\"><p class=\"uagb-desc-text\">Nasza us\u0142uga SEO reverse proxy usprawnia strategi\u0119 linkowania zwrotnego, zapewniaj\u0105c wiele adres\u00f3w IP z r\u00f3\u017cnych region\u00f3w. Dzi\u0119ki naszej funkcji rotacji adres\u00f3w IP mo\u017cesz rozdzieli\u0107 ruch na kilka unikalnych serwer\u00f3w proxy, aby zwi\u0119kszy\u0107 autentyczno\u015b\u0107 swoich dzia\u0142a\u0144 SEO bez konieczno\u015bci kosztownych zmian infrastruktury. <\/p><\/div>\n<\/div>\n\n\n\n<div class=\"wp-block-uagb-image uagb-block-c925b83c wp-block-uagb-image--layout-default wp-block-uagb-image--effect-static wp-block-uagb-image--align-none\"><figure class=\"wp-block-uagb-image__figure\"><img decoding=\"async\" srcset=\"https:\/\/jalvo.eu\/wp-content\/uploads\/2024\/10\/pexels-photo-7241413.jpeg ,https:\/\/jalvo.eu\/wp-content\/uploads\/2024\/10\/pexels-photo-7241413.jpeg 780w, https:\/\/jalvo.eu\/wp-content\/uploads\/2024\/10\/pexels-photo-7241413.jpeg 360w\" sizes=\"auto, (max-width: 480px) 150px\" src=\"https:\/\/jalvo.eu\/wp-content\/uploads\/2024\/10\/pexels-photo-7241413.jpeg\" alt=\"\" class=\"uag-image-1255\" width=\"1200\" height=\"400\" title=\"us\u0142ugi-02\" loading=\"lazy\" role=\"img\"><\/figure><\/div>\n\n\n\n<div class=\"wp-block-uagb-container uagb-block-a86bea20\">\n<div class=\"wp-block-uagb-advanced-heading uagb-block-27301e60\"><h2 class=\"uagb-heading-text\">Wsparcie integracji hostingu<\/h2><\/div>\n\n\n\n<div class=\"wp-block-uagb-advanced-heading uagb-block-d8187766\"><p class=\"uagb-desc-text\">Podczas gdy Jalvo koncentruje si\u0119 na us\u0142ugach SEO reverse proxy, oferujemy p\u0142ynn\u0105 integracj\u0119 z obecnym dostawc\u0105 us\u0142ug hostingowych. Nasz pulpit proxy umo\u017cliwia \u0142atwe zarz\u0105dzanie adresami IP bez konieczno\u015bci zmiany platformy hostingowej. W razie potrzeby zapewniamy r\u00f3wnie\u017c rozwi\u0105zania hostingowe w celu zwi\u0119kszenia og\u00f3lnej wydajno\u015bci sieci i wydajno\u015bci SEO.  <\/p><\/div>\n<\/div>\n\n\n\n<div class=\"wp-block-uagb-image uagb-block-4fee4429 wp-block-uagb-image--layout-default wp-block-uagb-image--effect-static wp-block-uagb-image--align-none\"><figure class=\"wp-block-uagb-image__figure\"><img decoding=\"async\" srcset=\"https:\/\/jalvo.eu\/wp-content\/uploads\/2024\/10\/pexels-photo-7119258.jpeg ,https:\/\/jalvo.eu\/wp-content\/uploads\/2024\/10\/pexels-photo-7119258.jpeg 780w, https:\/\/jalvo.eu\/wp-content\/uploads\/2024\/10\/pexels-photo-7119258.jpeg 360w\" sizes=\"auto, (max-width: 480px) 150px\" src=\"https:\/\/jalvo.eu\/wp-content\/uploads\/2024\/10\/pexels-photo-7119258.jpeg\" alt=\"\" class=\"uag-image-1256\" width=\"1200\" height=\"400\" title=\"us\u0142ugi-03\" loading=\"lazy\" role=\"img\"><\/figure><\/div>\n\n\n\n<div class=\"wp-block-uagb-container uagb-block-d8dd4e72\">\n<div class=\"wp-block-uagb-advanced-heading uagb-block-a99c7941\"><h2 class=\"uagb-heading-text\">Kierowanie na geolokalizacj\u0119<\/h2><\/div>\n\n\n\n<div class=\"wp-block-uagb-advanced-heading uagb-block-3636d2c2\"><p class=\"uagb-desc-text\">Celuj w okre\u015blone regiony dzi\u0119ki dostosowanym strategiom SEO, korzystaj\u0105c z naszych r\u00f3\u017cnorodnych adres\u00f3w IP proxy z Europy i USA. Dzi\u0119ki Jalvo mo\u017cesz mie\u0107 pewno\u015b\u0107, \u017ce Twoja witryna dotrze do w\u0142a\u015bciwych odbiorc\u00f3w, zwi\u0119kszaj\u0105c widoczno\u015b\u0107 w zlokalizowanych wynikach wyszukiwania. <\/p><\/div>\n<\/div>\n\n\n\n<div class=\"wp-block-uagb-image uagb-block-bf9f22f2 wp-block-uagb-image--layout-default wp-block-uagb-image--effect-static wp-block-uagb-image--align-none\"><figure class=\"wp-block-uagb-image__figure\"><img decoding=\"async\" srcset=\"https:\/\/jalvo.eu\/wp-content\/uploads\/2024\/10\/pexels-photo-7128952.jpeg ,https:\/\/jalvo.eu\/wp-content\/uploads\/2024\/10\/pexels-photo-7128952.jpeg 780w, https:\/\/jalvo.eu\/wp-content\/uploads\/2024\/10\/pexels-photo-7128952.jpeg 360w\" sizes=\"auto, (max-width: 480px) 150px\" src=\"https:\/\/jalvo.eu\/wp-content\/uploads\/2024\/10\/pexels-photo-7128952.jpeg\" alt=\"\" class=\"uag-image-1257\" width=\"1200\" height=\"400\" title=\"us\u0142ugi-04\" loading=\"lazy\" role=\"img\"><\/figure><\/div>\n\n\n\n<div class=\"wp-block-uagb-container uagb-block-5990122a\">\n<div class=\"wp-block-uagb-advanced-heading uagb-block-9847c456\"><h2 class=\"uagb-heading-text\">Wysoka wydajno\u015b\u0107<\/h2><\/div>\n\n\n\n<div class=\"wp-block-uagb-advanced-heading uagb-block-0b67d8b8\"><p class=\"uagb-desc-text\">Nasze niezawodne us\u0142ugi proxy zapewniaj\u0105 sta\u0142y czas pracy i wysok\u0105 wydajno\u015b\u0107, dzi\u0119ki czemu strategia SEO mo\u017ce dzia\u0142a\u0107 p\u0142ynnie. Niezale\u017cnie od tego, czy zarz\u0105dzasz du\u017cym ruchem, czy realizujesz ukierunkowane kampanie link\u00f3w zwrotnych SEO, nasza infrastruktura jest zbudowana tak, aby obs\u0142u\u017cy\u0107 to wszystko bez \u017cadnych zak\u0142\u00f3ce\u0144. <\/p><\/div>\n<\/div>\n<\/div><\/div>\n\n<div class=\"wp-block-uagb-container uagb-block-a6bfea04 alignfull uagb-is-root-container\"><div class=\"uagb-container-inner-blocks-wrap\">\n<div class=\"wp-block-uagb-info-box uagb-block-baf92aae uagb-infobox__content-wrap  uagb-infobox-icon-above-title uagb-infobox-image-valign-top\"><div class=\"uagb-ifb-content\"><div class=\"uagb-ifb-title-wrap\"><div class=\"uagb-ifb-separator\"><\/div><h2 class=\"uagb-ifb-title\">Zwi\u0119ksz swoj\u0105 obecno\u015b\u0107 online ju\u017c dzi\u015b!<\/h2><\/div><p class=\"uagb-ifb-desc\">Skontaktuj si\u0119 z nami ju\u017c teraz, aby dowiedzie\u0107 si\u0119, w jaki spos\u00f3b nasze rozwi\u0105zania SEO reverse proxy mog\u0105 podnie\u015b\u0107 pozycj\u0119 Twojej firmy i poprawi\u0107 rankingi.<\/p><div class=\"uagb-ifb-button-wrapper wp-block-button\"><a href=\"https:\/\/jalvo.eu\/pl\/kontakt\/\" class=\"uagb-infobox-cta-link wp-block-button__link\" target=\"_self\" rel=\"noopener noreferrer\" onclick=\"return true;\"><span class=\"uagb-inline-editing\">Rozpocznij<\/span><\/a><\/div><\/div><\/div>\n<\/div><\/div>\n","protected":false},"excerpt":{"rendered":"<p>Kompleksowe rozwi\u0105zania SEO Reverse Proxy Wiele adres\u00f3w IP Nasza us\u0142uga SEO reverse proxy usprawnia strategi\u0119 linkowania zwrotnego, zapewniaj\u0105c wiele adres\u00f3w [&hellip;]<\/p>\n","protected":false},"author":1,"featured_media":0,"parent":0,"menu_order":0,"comment_status":"closed","ping_status":"closed","template":"","meta":{"_acf_changed":false,"_uag_custom_page_level_css":"","site-sidebar-layout":"default","site-content-layout":"","ast-site-content-layout":"default","site-content-style":"default","site-sidebar-style":"default","ast-global-header-display":"","ast-banner-title-visibility":"disabled","ast-main-header-display":"","ast-hfb-above-header-display":"","ast-hfb-below-header-display":"","ast-hfb-mobile-header-display":"","site-post-title":"","ast-breadcrumbs-content":"","ast-featured-img":"","footer-sml-layout":"","ast-disable-related-posts":"","theme-transparent-header-meta":"enabled","adv-header-id-meta":"","stick-header-meta":"","header-above-stick-meta":"","header-main-stick-meta":"","header-below-stick-meta":"","astra-migrate-meta-layouts":"default","ast-page-background-enabled":"default","ast-page-background-meta":{"desktop":{"background-color":"var(--ast-global-color-4)","background-image":"","background-repeat":"repeat","background-position":"center center","background-size":"auto","background-attachment":"scroll","background-type":"","background-media":"","overlay-type":"","overlay-color":"","overlay-opacity":"","overlay-gradient":""},"tablet":{"background-color":"","background-image":"","background-repeat":"repeat","background-position":"center center","background-size":"auto","background-attachment":"scroll","background-type":"","background-media":"","overlay-type":"","overlay-color":"","overlay-opacity":"","overlay-gradient":""},"mobile":{"background-color":"","background-image":"","background-repeat":"repeat","background-position":"center center","background-size":"auto","background-attachment":"scroll","background-type":"","background-media":"","overlay-type":"","overlay-color":"","overlay-opacity":"","overlay-gradient":""}},"ast-content-background-meta":{"desktop":{"background-color":"var(--ast-global-color-5)","background-image":"","background-repeat":"repeat","background-position":"center center","background-size":"auto","background-attachment":"scroll","background-type":"","background-media":"","overlay-type":"","overlay-color":"","overlay-opacity":"","overlay-gradient":""},"tablet":{"background-color":"var(--ast-global-color-5)","background-image":"","background-repeat":"repeat","background-position":"center center","background-size":"auto","background-attachment":"scroll","background-type":"","background-media":"","overlay-type":"","overlay-color":"","overlay-opacity":"","overlay-gradient":""},"mobile":{"background-color":"var(--ast-global-color-5)","background-image":"","background-repeat":"repeat","background-position":"center center","background-size":"auto","background-attachment":"scroll","background-type":"","background-media":"","overlay-type":"","overlay-color":"","overlay-opacity":"","overlay-gradient":""}},"footnotes":""},"class_list":["post-1412","page","type-page","status-publish","hentry"],"acf":[],"uagb_featured_image_src":{"full":false,"thumbnail":false,"medium":false,"medium_large":false,"large":false,"1536x1536":false,"2048x2048":false},"uagb_author_info":{"display_name":"websystems","author_link":"https:\/\/jalvo.eu\/pl\/author\/websystems\/"},"uagb_comment_info":0,"uagb_excerpt":"Kompleksowe rozwi\u0105zania SEO Reverse Proxy Wiele adres\u00f3w IP Nasza us\u0142uga SEO reverse proxy usprawnia strategi\u0119 linkowania zwrotnego, zapewniaj\u0105c wiele adres\u00f3w [&hellip;]","_links":{"self":[{"href":"https:\/\/jalvo.eu\/pl\/wp-json\/wp\/v2\/pages\/1412","targetHints":{"allow":["GET"]}}],"collection":[{"href":"https:\/\/jalvo.eu\/pl\/wp-json\/wp\/v2\/pages"}],"about":[{"href":"https:\/\/jalvo.eu\/pl\/wp-json\/wp\/v2\/types\/page"}],"author":[{"embeddable":true,"href":"https:\/\/jalvo.eu\/pl\/wp-json\/wp\/v2\/users\/1"}],"replies":[{"embeddable":true,"href":"https:\/\/jalvo.eu\/pl\/wp-json\/wp\/v2\/comments?post=1412"}],"version-history":[{"count":1,"href":"https:\/\/jalvo.eu\/pl\/wp-json\/wp\/v2\/pages\/1412\/revisions"}],"predecessor-version":[{"id":1413,"href":"https:\/\/jalvo.eu\/pl\/wp-json\/wp\/v2\/pages\/1412\/revisions\/1413"}],"wp:attachment":[{"href":"https:\/\/jalvo.eu\/pl\/wp-json\/wp\/v2\/media?parent=1412"}],"curies":[{"name":"wp","href":"https:\/\/api.w.org\/{rel}","templated":true}]}}