{"id":1419,"date":"2024-05-16T09:21:43","date_gmt":"2024-05-16T08:21:43","guid":{"rendered":"https:\/\/jalvo.eu\/jalvo-strona-glowna\/"},"modified":"2024-10-10T11:07:50","modified_gmt":"2024-10-10T10:07:50","slug":"jalvo-strona-glowna","status":"publish","type":"page","link":"https:\/\/jalvo.eu\/pl\/","title":{"rendered":"Jalvo: strona g\u0142\u00f3wna"},"content":{"rendered":"\n<div class=\"wp-block-uagb-container uagb-block-a1fd1922 alignfull uagb-is-root-container\"><div class=\"uagb-container-inner-blocks-wrap\">\n<div class=\"wp-block-uagb-info-box uagb-block-f4da5f8d uagb-infobox__content-wrap  uagb-infobox-icon-above-title uagb-infobox-image-valign-top wp-block-uagb-info-box--has-margin\"><div class=\"uagb-infobox-margin-wrapper\"><div class=\"uagb-ifb-content\"><div class=\"uagb-ifb-title-wrap\"><div class=\"uagb-ifb-separator\"><\/div><h1 class=\"uagb-ifb-title\">Polepsz swoje SEO dzi\u0119ki zr\u00f3\u017cnicowanym adresom IP<\/h1><\/div><p class=\"uagb-ifb-desc\">Wykorzystaj nasz\u0105 us\u0142ug\u0119 odwrotnego proxy opart\u0105 na NGINX, aby ulepszy\u0107 swoj\u0105 strategi\u0119 link\u00f3w zwrotnych dzi\u0119ki wielu europejskim i ameryka\u0144skim adresom IP z r\u00f3\u017cnych centr\u00f3w danych.<\/p><div class=\"uagb-ifb-button-wrapper wp-block-button\"><a href=\"kontakt\/\" class=\"uagb-infobox-cta-link wp-block-button__link\" target=\"_self\" rel=\"noopener noreferrer\" onclick=\"return true;\"><span class=\"uagb-inline-editing\">Rozpocznij<\/span><\/a><\/div><\/div><\/div><\/div>\n<\/div><\/div>\n\n<div class=\"wp-block-uagb-container uagb-layout-grid uagb-block-1a79b78c alignfull uagb-is-root-container\"><div class=\"uagb-container-inner-blocks-wrap\">\n<div class=\"wp-block-uagb-info-box uagb-block-fa8a945d uagb-infobox__content-wrap  uagb-infobox-icon-above-title uagb-infobox-image-valign-top wp-block-uagb-info-box--has-margin\"><div class=\"uagb-infobox-margin-wrapper\"><div class=\"uagb-ifb-content\"><div class=\"uagb-ifb-title-wrap\"><h2 class=\"uagb-ifb-title\">Nasze us\u0142ugi<\/h2><\/div><p class=\"uagb-ifb-desc\">Zapoznaj si\u0119 z naszymi dostosowanymi rozwi\u0105zaniami proxy SEO dla link\u00f3w zwrotnych.<\/p><div class=\"uagb-ifb-button-wrapper wp-block-button\"><a href=\"uslugi\/\" target=\"_self\" onclick=\"return true;\" class=\"uagb-infobox-cta-link\" rel=\"noopener noreferrer\"><span class=\"uagb-inline-editing\">Wy\u015bwietl wszystko<\/span><\/a><\/div><\/div><\/div><\/div>\n\n\n\n<div class=\"wp-block-uagb-advanced-heading uagb-block-a86f2b31\"><h3 class=\"uagb-heading-text\">Zr\u00f3\u017cnicowana pula adres\u00f3w IP<\/h3><div class=\"uagb-separator\"><\/div><p class=\"uagb-desc-text\">Uzyskaj dost\u0119p do dziesi\u0105tek unikalnych adres\u00f3w IP proxy NGINX w Europie i USA, zapewniaj\u0105c, \u017ce Twoje linki zwrotne pochodz\u0105 z szerokiego zakresu lokalizacji geograficznych, aby zwi\u0119kszy\u0107 autentyczno\u015b\u0107 i wiarygodno\u015b\u0107.<\/p><\/div>\n\n\n\n<div class=\"wp-block-uagb-advanced-heading uagb-block-7a3c7dcb\"><h3 class=\"uagb-heading-text\">P\u0142ynna integracja<\/h3><div class=\"uagb-separator\"><\/div><p class=\"uagb-desc-text\">Nasza \u0142atwa w u\u017cyciu platforma integruje si\u0119 bez wysi\u0142ku z istniej\u0105cymi narz\u0119dziami SEO i przep\u0142ywami pracy, umo\u017cliwiaj\u0105c zarz\u0105dzanie ustawieniami proxy bez \u017cadnych k\u0142opot\u00f3w technicznych.<\/p><\/div>\n\n\n\n<div class=\"wp-block-uagb-advanced-heading uagb-block-adf1d414\"><h3 class=\"uagb-heading-text\">Wysoka wydajno\u015b\u0107<\/h3><div class=\"uagb-separator\"><\/div><p class=\"uagb-desc-text\">Do\u015bwiadcz niezawodnych i szybkich po\u0142\u0105cze\u0144 proxy, kt\u00f3re zapewni\u0105 p\u0142ynny przebieg proces\u00f3w budowania link\u00f3w zwrotnych bez \u017cadnych spowolnie\u0144 lub przerw.<\/p><\/div>\n<\/div><\/div>\n\n<div class=\"wp-block-uagb-container uagb-layout-grid uagb-block-e5c50d49 alignfull uagb-is-root-container\"><div class=\"uagb-container-inner-blocks-wrap\">\n<div class=\"wp-block-uagb-image alignright uagb-block-0420b850 wp-block-uagb-image--layout-default wp-block-uagb-image--effect-static wp-block-uagb-image--align-right\"><figure class=\"wp-block-uagb-image__figure\"><img decoding=\"async\" srcset=\"https:\/\/jalvo.eu\/wp-content\/uploads\/2024\/10\/pexels-photo-7128952-1024x682.jpeg ,https:\/\/jalvo.eu\/wp-content\/uploads\/2024\/10\/pexels-photo-7128952.jpeg 780w, https:\/\/jalvo.eu\/wp-content\/uploads\/2024\/10\/pexels-photo-7128952.jpeg 360w\" sizes=\"auto, (max-width: 480px) 150px\" src=\"https:\/\/jalvo.eu\/wp-content\/uploads\/2024\/10\/pexels-photo-7128952-1024x682.jpeg\" alt=\"Widok z ty\u0142u skupiony etniczny m\u0119\u017cczyzna w bia\u0142ej koszuli czytaj\u0105cy dokument siedz\u0105c przy biurku z netbookiem w jasnym biurze\" class=\"uag-image-1257\" width=\"680\" height=\"450\" title=\"pexels-foto-7128952\" loading=\"lazy\" role=\"img\"><\/figure><\/div>\n\n\n\n<div class=\"wp-block-uagb-info-box uagb-block-0e4b91b4 uagb-infobox__content-wrap  uagb-infobox-icon-above-title uagb-infobox-image-valign-top wp-block-uagb-info-box--has-margin\"><div class=\"uagb-infobox-margin-wrapper\"><div class=\"uagb-ifb-content\"><div class=\"uagb-ifb-title-wrap\"><h3 class=\"uagb-ifb-title\">Dlaczego warto wybra\u0107 Jalvo dla potrzeb SEO?<\/h3><\/div><p class=\"uagb-ifb-desc\">W konkurencyjnym krajobrazie marketingu cyfrowego utrzymanie silnego i zr\u00f3\u017cnicowanego profilu link\u00f3w zwrotnych ma kluczowe znaczenie dla poprawy pozycji witryny w wyszukiwarkach. Jalvo.eu oferuje najnowocze\u015bniejsze rozwi\u0105zanie SaaS zaprojektowane w celu ulepszenia strategii SEO poprzez zaawansowan\u0105 r\u00f3\u017cnorodno\u015b\u0107 IP przy u\u017cyciu naszej solidnej us\u0142ugi odwrotnego proxy opartej na NGINX. <\/p><div class=\"uagb-ifb-button-wrapper wp-block-button\"><a href=\"o-nas\/\" class=\"uagb-infobox-cta-link wp-block-button__link\" target=\"_self\" rel=\"noopener noreferrer\" onclick=\"return true;\"><span class=\"uagb-inline-editing\">Czytaj wi\u0119cej<\/span><\/a><\/div><\/div><\/div><\/div>\n<\/div><\/div>\n\n<div class=\"wp-block-uagb-container uagb-block-dd11b07d alignfull uagb-is-root-container\"><div class=\"uagb-container-inner-blocks-wrap\">\n<div class=\"wp-block-uagb-info-box uagb-block-93205f4c uagb-infobox__content-wrap  uagb-infobox-icon-above-title uagb-infobox-image-valign-top\"><div class=\"uagb-ifb-content\"><div class=\"uagb-ifb-title-wrap\"><div class=\"uagb-ifb-separator\"><\/div><h2 class=\"uagb-ifb-title\">Przenie\u015b swoje SEO na wy\u017cszy poziom<\/h2><\/div><p class=\"uagb-ifb-desc\">Poznaj zalety naszych zaawansowanych rozwi\u0105za\u0144 reverse proxy zaprojektowanych dla specjalist\u00f3w SEO w Europie, USA i na ca\u0142ym \u015bwiecie. Do\u0142\u0105cz do nas ju\u017c dzi\u015b! <\/p><div class=\"uagb-ifb-button-wrapper wp-block-button\"><a href=\"kontakt\/\" class=\"uagb-infobox-cta-link wp-block-button__link\" target=\"_self\" rel=\"noopener noreferrer\" onclick=\"return true;\"><span class=\"uagb-inline-editing\">Rozpocznij<\/span><\/a><\/div><\/div><\/div>\n<\/div><\/div>\n\n<div class=\"wp-block-uagb-container uagb-block-509524e3 alignfull uagb-is-root-container\"><div class=\"uagb-container-inner-blocks-wrap\">\n<div class=\"wp-block-uagb-container uagb-block-feb2dc6e\">\n<div class=\"wp-block-uagb-advanced-heading uagb-block-07c07b52\"><h2 class=\"uagb-heading-text\">Jak to dzia\u0142a<\/h2><p class=\"uagb-desc-text\">Jalvo oferuje niezawodne, innowacyjne i wydajne rozwi\u0105zania dostosowane do ulepszania strategii SEO.<\/p><\/div>\n\n\n\n<div class=\"wp-block-uagb-icon-list uagb-block-a733287c\"><div class=\"uagb-icon-list__wrap\">\n<div class=\"wp-block-uagb-icon-list-child uagb-block-252f94b5\"><span class=\"uagb-icon-list__source-wrap\"><svg xmlns=\"https:\/\/www.w3.org\/2000\/svg\" viewbox=\"0 0 448 512\"><path d=\"M438.6 105.4C451.1 117.9 451.1 138.1 438.6 150.6L182.6 406.6C170.1 419.1 149.9 419.1 137.4 406.6L9.372 278.6C-3.124 266.1-3.124 245.9 9.372 233.4C21.87 220.9 42.13 220.9 54.63 233.4L159.1 338.7L393.4 105.4C405.9 92.88 426.1 92.88 438.6 105.4H438.6z\"><\/path><\/svg><\/span><span class=\"uagb-icon-list__label\"><strong>Skontaktuj si\u0119 z nami<\/strong>: Otw\u00f3rz konto na Jalvo.eu i wybierz pakiet proxy, kt\u00f3ry najlepiej pasuje do Twojej strategii SEO.<\/span><\/div>\n\n\n\n<div class=\"wp-block-uagb-icon-list-child uagb-block-40afc628\"><span class=\"uagb-icon-list__source-wrap\"><svg xmlns=\"https:\/\/www.w3.org\/2000\/svg\" viewbox=\"0 0 448 512\"><path d=\"M438.6 105.4C451.1 117.9 451.1 138.1 438.6 150.6L182.6 406.6C170.1 419.1 149.9 419.1 137.4 406.6L9.372 278.6C-3.124 266.1-3.124 245.9 9.372 233.4C21.87 220.9 42.13 220.9 54.63 233.4L159.1 338.7L393.4 105.4C405.9 92.88 426.1 92.88 438.6 105.4H438.6z\"><\/path><\/svg><\/span><span class=\"uagb-icon-list__label\"><strong>Konfiguracja:<\/strong> Skonfiguruj odwrotny serwer proxy oparty na NGINX za pomoc\u0105 naszego intuicyjnego pulpitu nawigacyjnego, wybieraj\u0105c \u017c\u0105dany adres IP.<\/span><\/div>\n\n\n\n<div class=\"wp-block-uagb-icon-list-child uagb-block-b3034762\"><span class=\"uagb-icon-list__source-wrap\"><svg xmlns=\"https:\/\/www.w3.org\/2000\/svg\" viewbox=\"0 0 448 512\"><path d=\"M438.6 105.4C451.1 117.9 451.1 138.1 438.6 150.6L182.6 406.6C170.1 419.1 149.9 419.1 137.4 406.6L9.372 278.6C-3.124 266.1-3.124 245.9 9.372 233.4C21.87 220.9 42.13 220.9 54.63 233.4L159.1 338.7L393.4 105.4C405.9 92.88 426.1 92.88 438.6 105.4H438.6z\"><\/path><\/svg><\/span><span class=\"uagb-icon-list__label\"><strong>Integracja:<\/strong> Pod\u0142\u0105cz proxy do swojego hostingu i zacznij generowa\u0107 r\u00f3\u017cnorodne, wysokiej jako\u015bci linki zwrotne bez wysi\u0142ku.<\/span><\/div>\n<\/div><\/div>\n\n\n\n<div class=\"wp-block-uagb-buttons uagb-buttons__outer-wrap uagb-btn__default-btn uagb-btn-tablet__default-btn uagb-btn-mobile__default-btn uagb-block-f35e2d04\"><div class=\"uagb-buttons__wrap uagb-buttons-layout-wrap \">\n<div class=\"wp-block-uagb-buttons-child uagb-buttons__outer-wrap uagb-block-7cdb071a wp-block-button\"><div class=\"uagb-button__wrapper\"><a class=\"uagb-buttons-repeater wp-block-button__link\" aria-label=\"\" href=\"uslugi\/\" rel=\"follow noopener\" target=\"_self\" role=\"button\"><div class=\"uagb-button__link\">Czytaj wi\u0119cej<\/div><\/a><\/div><\/div>\n<\/div><\/div>\n<\/div>\n\n\n\n<div class=\"wp-block-uagb-container uagb-block-5eadc4a6\">\n<div class=\"wp-block-uagb-image uagb-block-126815f6 wp-block-uagb-image--layout-default wp-block-uagb-image--effect-static wp-block-uagb-image--align-none\"><figure class=\"wp-block-uagb-image__figure\"><img decoding=\"async\" srcset=\"https:\/\/jalvo.eu\/wp-content\/uploads\/2024\/10\/pexels-photo-67112.jpeg ,https:\/\/jalvo.eu\/wp-content\/uploads\/2024\/10\/pexels-photo-67112.jpeg 780w, https:\/\/jalvo.eu\/wp-content\/uploads\/2024\/10\/pexels-photo-67112.jpeg 360w\" sizes=\"auto, (max-width: 480px) 150px\" src=\"https:\/\/jalvo.eu\/wp-content\/uploads\/2024\/10\/pexels-photo-67112.jpeg\" alt=\"\" class=\"uag-image-1247\" width=\"600\" height=\"350\" title=\"why-choose-us-02\" loading=\"lazy\" role=\"img\"><\/figure><\/div>\n<\/div>\n<\/div><\/div>\n\n<div class=\"wp-block-uagb-container uagb-block-8b309cbb alignfull uagb-is-root-container\"><div class=\"uagb-container-inner-blocks-wrap\">\n<div class=\"wp-block-uagb-info-box uagb-block-63a911ae uagb-infobox__content-wrap  uagb-infobox-icon-above-title uagb-infobox-image-valign-top wp-block-uagb-info-box--has-margin\"><div class=\"uagb-infobox-margin-wrapper\"><div class=\"uagb-ifb-content\"><div class=\"uagb-ifb-icon-wrap\"><svg xmlns=\"https:\/\/www.w3.org\/2000\/svg\" viewbox=\"0 0 448 512\"><path d=\"M96 224C84.72 224 74.05 226.3 64 229.9V224c0-35.3 28.7-64 64-64c17.67 0 32-14.33 32-32S145.7 96 128 96C57.42 96 0 153.4 0 224v96c0 53.02 42.98 96 96 96s96-42.98 96-96S149 224 96 224zM352 224c-11.28 0-21.95 2.305-32 5.879V224c0-35.3 28.7-64 64-64c17.67 0 32-14.33 32-32s-14.33-32-32-32c-70.58 0-128 57.42-128 128v96c0 53.02 42.98 96 96 96s96-42.98 96-96S405 224 352 224z\"><\/path><\/svg><\/div><div class=\"uagb-ifb-title-wrap\"><h2 class=\"uagb-ifb-title\">Co m\u00f3wi\u0105 o nas nasi klienci<\/h2><\/div><\/div><\/div><\/div>\n\n\n\n<div class=\"wp-block-uagb-container uagb-block-f0b4bd78\">\n<div class=\"wp-block-uagb-star-rating uagb-block-09e8f814\"><div class=\"uag-star-rating\" title=\"5\/5\"><span class=\"uag-star\">\u2605<\/span><span class=\"uag-star\">\u2605<\/span><span class=\"uag-star\">\u2605<\/span><span class=\"uag-star\">\u2605<\/span><span class=\"uag-star\">\u2605<\/span><\/div><\/div>\n\n\n\n<div class=\"wp-block-uagb-advanced-heading uagb-block-192afdc5\"><p class=\"uagb-heading-text\">Jalvo&#8217;s SEO reverse proxy services significantly improved our website&#8217;s visibility. Their technology and support are truly top-notch!<\/p><\/div>\n\n\n\n<div class=\"wp-block-uagb-separator uagb-block-2e6c5305\"><div class=\"wp-block-uagb-separator__inner\" style=\"--my-background-image:\"><\/div><\/div>\n\n\n\n<div class=\"wp-block-uagb-star-rating uagb-block-c145d179\"><div class=\"uag-star-rating\" title=\"5\/5\"><span class=\"uag-star\">\u2605<\/span><span class=\"uag-star\">\u2605<\/span><span class=\"uag-star\">\u2605<\/span><span class=\"uag-star\">\u2605<\/span><span class=\"uag-star\">\u2605<\/span><\/div><\/div>\n\n\n\n<div class=\"wp-block-uagb-advanced-heading uagb-block-41e89cee\"><p class=\"uagb-heading-text\">Working with Jalvo transformed our SEO strategy. Their diverse IP range and reliability have been invaluable for our online presence.<\/p><\/div>\n<\/div>\n<\/div><\/div>\n\n<div class=\"wp-block-uagb-container uagb-block-a6bfea04 alignfull uagb-is-root-container\"><div class=\"uagb-container-inner-blocks-wrap\">\n<div class=\"wp-block-uagb-info-box uagb-block-baf92aae uagb-infobox__content-wrap  uagb-infobox-icon-above-title uagb-infobox-image-valign-top\"><div class=\"uagb-ifb-content\"><div class=\"uagb-ifb-title-wrap\"><div class=\"uagb-ifb-separator\"><\/div><h2 class=\"uagb-ifb-title\">Zwi\u0119ksz swoj\u0105 obecno\u015b\u0107 online ju\u017c dzi\u015b!<\/h2><\/div><p class=\"uagb-ifb-desc\">Skontaktuj si\u0119 z nami ju\u017c teraz, aby dowiedzie\u0107 si\u0119, w jaki spos\u00f3b nasze rozwi\u0105zania SEO reverse proxy mog\u0105 podnie\u015b\u0107 pozycj\u0119 Twojej firmy i poprawi\u0107 rankingi.<\/p><div class=\"uagb-ifb-button-wrapper wp-block-button\"><a href=\"https:\/\/jalvo.eu\/pl\/kontakt\/\" class=\"uagb-infobox-cta-link wp-block-button__link\" target=\"_self\" rel=\"noopener noreferrer\" onclick=\"return true;\"><span class=\"uagb-inline-editing\">Rozpocznij<\/span><\/a><\/div><\/div><\/div>\n<\/div><\/div>\n","protected":false},"excerpt":{"rendered":"<p>Zr\u00f3\u017cnicowana pula adres\u00f3w IP Uzyskaj dost\u0119p do dziesi\u0105tek unikalnych adres\u00f3w IP proxy NGINX w Europie i USA, zapewniaj\u0105c, \u017ce Twoje [&hellip;]<\/p>\n","protected":false},"author":1,"featured_media":0,"parent":0,"menu_order":0,"comment_status":"closed","ping_status":"closed","template":"","meta":{"_acf_changed":false,"_uag_custom_page_level_css":"","site-sidebar-layout":"default","site-content-layout":"","ast-site-content-layout":"default","site-content-style":"default","site-sidebar-style":"default","ast-global-header-display":"","ast-banner-title-visibility":"disabled","ast-main-header-display":"","ast-hfb-above-header-display":"","ast-hfb-below-header-display":"","ast-hfb-mobile-header-display":"","site-post-title":"","ast-breadcrumbs-content":"","ast-featured-img":"","footer-sml-layout":"","ast-disable-related-posts":"","theme-transparent-header-meta":"enabled","adv-header-id-meta":"","stick-header-meta":"","header-above-stick-meta":"","header-main-stick-meta":"","header-below-stick-meta":"","astra-migrate-meta-layouts":"default","ast-page-background-enabled":"default","ast-page-background-meta":{"desktop":{"background-color":"var(--ast-global-color-4)","background-image":"","background-repeat":"repeat","background-position":"center center","background-size":"auto","background-attachment":"scroll","background-type":"","background-media":"","overlay-type":"","overlay-color":"","overlay-opacity":"","overlay-gradient":""},"tablet":{"background-color":"","background-image":"","background-repeat":"repeat","background-position":"center center","background-size":"auto","background-attachment":"scroll","background-type":"","background-media":"","overlay-type":"","overlay-color":"","overlay-opacity":"","overlay-gradient":""},"mobile":{"background-color":"","background-image":"","background-repeat":"repeat","background-position":"center center","background-size":"auto","background-attachment":"scroll","background-type":"","background-media":"","overlay-type":"","overlay-color":"","overlay-opacity":"","overlay-gradient":""}},"ast-content-background-meta":{"desktop":{"background-color":"var(--ast-global-color-5)","background-image":"","background-repeat":"repeat","background-position":"center center","background-size":"auto","background-attachment":"scroll","background-type":"","background-media":"","overlay-type":"","overlay-color":"","overlay-opacity":"","overlay-gradient":""},"tablet":{"background-color":"var(--ast-global-color-5)","background-image":"","background-repeat":"repeat","background-position":"center center","background-size":"auto","background-attachment":"scroll","background-type":"","background-media":"","overlay-type":"","overlay-color":"","overlay-opacity":"","overlay-gradient":""},"mobile":{"background-color":"var(--ast-global-color-5)","background-image":"","background-repeat":"repeat","background-position":"center center","background-size":"auto","background-attachment":"scroll","background-type":"","background-media":"","overlay-type":"","overlay-color":"","overlay-opacity":"","overlay-gradient":""}},"footnotes":""},"class_list":["post-1419","page","type-page","status-publish","hentry"],"acf":[],"uagb_featured_image_src":{"full":false,"thumbnail":false,"medium":false,"medium_large":false,"large":false,"1536x1536":false,"2048x2048":false},"uagb_author_info":{"display_name":"websystems","author_link":"https:\/\/jalvo.eu\/pl\/author\/websystems\/"},"uagb_comment_info":0,"uagb_excerpt":"Zr\u00f3\u017cnicowana pula adres\u00f3w IP Uzyskaj dost\u0119p do dziesi\u0105tek unikalnych adres\u00f3w IP proxy NGINX w Europie i USA, zapewniaj\u0105c, \u017ce Twoje [&hellip;]","_links":{"self":[{"href":"https:\/\/jalvo.eu\/pl\/wp-json\/wp\/v2\/pages\/1419","targetHints":{"allow":["GET"]}}],"collection":[{"href":"https:\/\/jalvo.eu\/pl\/wp-json\/wp\/v2\/pages"}],"about":[{"href":"https:\/\/jalvo.eu\/pl\/wp-json\/wp\/v2\/types\/page"}],"author":[{"embeddable":true,"href":"https:\/\/jalvo.eu\/pl\/wp-json\/wp\/v2\/users\/1"}],"replies":[{"embeddable":true,"href":"https:\/\/jalvo.eu\/pl\/wp-json\/wp\/v2\/comments?post=1419"}],"version-history":[{"count":15,"href":"https:\/\/jalvo.eu\/pl\/wp-json\/wp\/v2\/pages\/1419\/revisions"}],"predecessor-version":[{"id":1527,"href":"https:\/\/jalvo.eu\/pl\/wp-json\/wp\/v2\/pages\/1419\/revisions\/1527"}],"wp:attachment":[{"href":"https:\/\/jalvo.eu\/pl\/wp-json\/wp\/v2\/media?parent=1419"}],"curies":[{"name":"wp","href":"https:\/\/api.w.org\/{rel}","templated":true}]}}